{"id":137,"date":"2019-04-15T17:22:57","date_gmt":"2019-04-15T15:22:57","guid":{"rendered":"http:\/\/seamobb.osupytheas.fr\/?page_id=137"},"modified":"2020-12-08T11:13:34","modified_gmt":"2020-12-08T10:13:34","slug":"team","status":"publish","type":"page","link":"https:\/\/seamobb.osupytheas.fr\/?page_id=137","title":{"rendered":"Team"},"content":{"rendered":"\n<div class=\"wp-block-media-text alignwide\" style=\"grid-template-columns:11% auto\"><figure class=\"wp-block-media-text__media\"><img loading=\"lazy\" decoding=\"async\" width=\"150\" height=\"150\" src=\"http:\/\/seamobb.osupytheas.fr\/wp-content\/uploads\/2019\/04\/Anne-Chenuil-IMBE.jpg\" alt=\"\" class=\"wp-image-252\"\/><\/figure><div class=\"wp-block-media-text__content\">\n<p><strong>Anne Chenuil<\/strong> (IMBE) CNRS researcher in population genetic of marine organisms <\/p>\n\n\n\n<p>PI of the SEAMoBB project, leader of the WP3 and WP7<\/p>\n<\/div><\/div>\n\n\n\n<div class=\"wp-block-media-text alignwide has-white-background-color has-background\" style=\"grid-template-columns:11% auto\"><figure class=\"wp-block-media-text__media\"><img loading=\"lazy\" decoding=\"async\" width=\"150\" height=\"150\" src=\"http:\/\/seamobb.osupytheas.fr\/wp-content\/uploads\/2019\/04\/Marco-Abbiati-UniBo.jpg\" alt=\"\" class=\"wp-image-263\"\/><\/figure><div class=\"wp-block-media-text__content\">\n<p><strong>Marco Abbiati <\/strong>(UNIBO) full Professor in marine ecology<\/p>\n\n\n\n<p>Participation in WP1, WP2, WP4, WP5 and WP7<\/p>\n<\/div><\/div>\n\n\n\n<div class=\"wp-block-media-text alignwide\" style=\"grid-template-columns:11% auto\"><figure class=\"wp-block-media-text__media\"><img loading=\"lazy\" decoding=\"async\" width=\"150\" height=\"150\" src=\"http:\/\/seamobb.osupytheas.fr\/wp-content\/uploads\/2019\/06\/Valentin_Aliaga_TAXON.jpg\" alt=\"\" class=\"wp-image-604\"\/><\/figure><div class=\"wp-block-media-text__content\">\n<p><strong>Valent\u00edn Aliaga Garc\u00eda<\/strong> (CEO of TAXON)<\/p>\n\n\n\n<p>Participation in WP4, WP5 and WP6 <\/p>\n<\/div><\/div>\n\n\n\n<div class=\"wp-block-media-text alignwide\" style=\"grid-template-columns:11% auto\"><figure class=\"wp-block-media-text__media\"><img loading=\"lazy\" decoding=\"async\" width=\"150\" height=\"150\" src=\"http:\/\/seamobb.osupytheas.fr\/wp-content\/uploads\/2019\/04\/Didier-Aurelle-MIO.jpg\" alt=\"\" class=\"wp-image-256\"\/><\/figure><div class=\"wp-block-media-text__content\">\n<p><strong>Didier Aurelle<\/strong> (MIO) assistant professor, population genetic of marin organisms<\/p>\n\n\n\n<p>Participation in WP3<\/p>\n<\/div><\/div>\n\n\n\n<div class=\"wp-block-media-text alignwide\" style=\"grid-template-columns:11% auto\"><figure class=\"wp-block-media-text__media\"><img loading=\"lazy\" decoding=\"async\" width=\"150\" height=\"150\" src=\"http:\/\/seamobb.osupytheas.fr\/wp-content\/uploads\/2019\/06\/Antonio_Belmonte_TAXON.jpg\" alt=\"\" class=\"wp-image-603\"\/><\/figure><div class=\"wp-block-media-text__content\">\n<p><strong>Antonio Belmonte R\u00edos<\/strong> (CEO of TAXON) <\/p>\n\n\n\n<p>\nParticipation in WP2, WP3 and WP4\n\n<\/p>\n<\/div><\/div>\n\n\n\n<div class=\"wp-block-media-text alignwide\" style=\"grid-template-columns:11% auto\"><figure class=\"wp-block-media-text__media\"><img loading=\"lazy\" decoding=\"async\" width=\"150\" height=\"150\" src=\"http:\/\/seamobb.osupytheas.fr\/wp-content\/uploads\/2019\/06\/Carlos_Carrasco_TAXON.jpg\" alt=\"\" class=\"wp-image-598\"\/><\/figure><div class=\"wp-block-media-text__content\">\n<p><strong>Carlos Carrasco L\u00f3pez<\/strong> (TAXON) expert in taxonomy monitoring, scientific diver <\/p>\n\n\n\n<p>\nParticipation in WP4, WP5, WP6\n\n<\/p>\n<\/div><\/div>\n\n\n\n<div class=\"wp-block-media-text alignwide\" style=\"grid-template-columns:11% auto\"><figure class=\"wp-block-media-text__media\"><img loading=\"lazy\" decoding=\"async\" width=\"1024\" height=\"806\" src=\"http:\/\/seamobb.osupytheas.fr\/wp-content\/uploads\/2020\/12\/Virgile-01-1-1024x806.jpg\" alt=\"\" class=\"wp-image-694\" srcset=\"https:\/\/seamobb.osupytheas.fr\/wp-content\/uploads\/2020\/12\/Virgile-01-1-1024x806.jpg 1024w, https:\/\/seamobb.osupytheas.fr\/wp-content\/uploads\/2020\/12\/Virgile-01-1-300x236.jpg 300w, https:\/\/seamobb.osupytheas.fr\/wp-content\/uploads\/2020\/12\/Virgile-01-1-768x605.jpg 768w, https:\/\/seamobb.osupytheas.fr\/wp-content\/uploads\/2020\/12\/Virgile-01-1.jpg 1293w\" sizes=\"auto, (max-width: 1024px) 100vw, 1024px\" \/><\/figure><div class=\"wp-block-media-text__content\">\n<p><strong><strong>Virgile Calvert <\/strong><\/strong>(IMBE)<strong> <\/strong>technician at AMU, specialized in experimental design and scientific diver<\/p>\n\n\n\n<p>Participation in WP4<\/p>\n<\/div><\/div>\n\n\n\n<div class=\"wp-block-media-text alignwide\" style=\"grid-template-columns:11% auto\"><figure class=\"wp-block-media-text__media\"><img loading=\"lazy\" decoding=\"async\" width=\"150\" height=\"150\" src=\"http:\/\/seamobb.osupytheas.fr\/wp-content\/uploads\/2019\/04\/Sandrine-Chenesseau-IMBE.jpg\" alt=\"\" class=\"wp-image-268\"\/><\/figure><div class=\"wp-block-media-text__content\">\n<p><strong>Sandrine Chenesseau<\/strong> (IMBE) assistant engineer specialized in microscopy and scientific diver at CNRS<\/p>\n\n\n\n<p>Participation in WP4<\/p>\n<\/div><\/div>\n\n\n\n<div class=\"wp-block-media-text alignwide\" style=\"grid-template-columns:11% auto\"><figure class=\"wp-block-media-text__media\"><img loading=\"lazy\" decoding=\"async\" width=\"150\" height=\"150\" src=\"http:\/\/seamobb.osupytheas.fr\/wp-content\/uploads\/2019\/04\/Federica-Costantini-UniBo.jpg\" alt=\"\" class=\"wp-image-259\"\/><\/figure><div class=\"wp-block-media-text__content\">\n<p><strong>Federica Costantini<\/strong> (UNIBO) junior researcher in population genetic of marine invertebrates<\/p>\n\n\n\n<p>Leader of WP5, participation in WP1, WP2, WP6 and WP7<\/p>\n<\/div><\/div>\n\n\n\n<div class=\"wp-block-media-text alignwide\" style=\"grid-template-columns:11% auto\"><figure class=\"wp-block-media-text__media\"><img loading=\"lazy\" decoding=\"async\" width=\"500\" height=\"500\" src=\"http:\/\/seamobb.osupytheas.fr\/wp-content\/uploads\/2019\/07\/Cinzia-Cozzula_UniBo.jpg\" alt=\"\" class=\"wp-image-635\"\/><\/figure><div class=\"wp-block-media-text__content\">\n<p><strong>Cinzia Cozzula<\/strong> (UniBo)<\/p>\n\n\n\n<p>Participation in WP5<\/p>\n<\/div><\/div>\n\n\n\n<div class=\"wp-block-media-text alignwide\" style=\"grid-template-columns:11% auto\"><figure class=\"wp-block-media-text__media\"><img loading=\"lazy\" decoding=\"async\" width=\"150\" height=\"150\" src=\"http:\/\/seamobb.osupytheas.fr\/wp-content\/uploads\/2019\/04\/Alexis-Crampon-STARESO.jpg\" alt=\"\" class=\"wp-image-251\"\/><\/figure><div class=\"wp-block-media-text__content\">\n<p><strong>Alexis Crampon<\/strong> (STARESO) master thesis<\/p>\n\n\n\n<p>Participation in WP4<\/p>\n<\/div><\/div>\n\n\n\n<div class=\"wp-block-media-text alignwide\" style=\"grid-template-columns:11% auto\"><figure class=\"wp-block-media-text__media\"><img loading=\"lazy\" decoding=\"async\" width=\"150\" height=\"150\" src=\"http:\/\/seamobb.osupytheas.fr\/wp-content\/uploads\/2019\/04\/Annick-Donnay-STARESO.jpg\" alt=\"\" class=\"wp-image-253\"\/><\/figure><div class=\"wp-block-media-text__content\">\n<p><strong>Annick Donnay<\/strong> (STARESO) engineer, expert in marine taxonomy and benthic ecology and scientific diver <\/p>\n\n\n\n<p>Participation in WP4<\/p>\n<\/div><\/div>\n\n\n\n<div class=\"wp-block-media-text alignwide\" style=\"grid-template-columns:11% auto\"><figure class=\"wp-block-media-text__media\"><img loading=\"lazy\" decoding=\"async\" width=\"150\" height=\"150\" src=\"http:\/\/seamobb.osupytheas.fr\/wp-content\/uploads\/2019\/04\/Vincent-Dubut-IMBE.jpg\" alt=\"\" class=\"wp-image-271\"\/><\/figure><div class=\"wp-block-media-text__content\">\n<p><strong>Vincent Dubut<\/strong> (IMBE) research engineer, metabarcoding and population genetics<\/p>\n\n\n\n<p>Participation in WP6<\/p>\n<\/div><\/div>\n\n\n\n<div class=\"wp-block-media-text alignwide\" style=\"grid-template-columns:11% auto\"><figure class=\"wp-block-media-text__media\"><img loading=\"lazy\" decoding=\"async\" width=\"150\" height=\"150\" src=\"http:\/\/seamobb.osupytheas.fr\/wp-content\/uploads\/2019\/06\/JuanCarlos_Fajardo_TAXON.jpg\" alt=\"\" class=\"wp-image-597\"\/><\/figure><div class=\"wp-block-media-text__content\">\n<p> <strong>Juan Carlos Fajardo Garc\u00eda<\/strong> (TAXON), scientific diver and lab assistant <\/p>\n\n\n\n<p>Participation in WP4, WP5 and WP6<\/p>\n<\/div><\/div>\n\n\n\n<div class=\"wp-block-media-text alignwide\" style=\"grid-template-columns:11% auto\"><figure class=\"wp-block-media-text__media\"><img loading=\"lazy\" decoding=\"async\" width=\"150\" height=\"150\" src=\"http:\/\/seamobb.osupytheas.fr\/wp-content\/uploads\/2019\/04\/Quentin-Fontaine-STARESO.jpg\" alt=\"\" class=\"wp-image-267\"\/><\/figure><div class=\"wp-block-media-text__content\">\n<p><strong>Quentin Fontaine <\/strong>(STARESO) assistant engineer, scientific diver and photographer (relative to lab work, after dive)<\/p>\n\n\n\n<p>Participation in WP4<\/p>\n<\/div><\/div>\n\n\n\n<div class=\"wp-block-media-text alignwide\" style=\"grid-template-columns:11% auto\"><figure class=\"wp-block-media-text__media\"><img loading=\"lazy\" decoding=\"async\" width=\"150\" height=\"150\" src=\"http:\/\/seamobb.osupytheas.fr\/wp-content\/uploads\/2019\/06\/Engracia_Garcia_TAXON.jpg\" alt=\"\" class=\"wp-image-605\"\/><\/figure><div class=\"wp-block-media-text__content\">\n<p><strong>Engracia Garc\u00eda L\u00f3pez<\/strong> (TAXON), expert in monitoring and environmental data<\/p>\n\n\n\n<p>Participation in WP4, WP5 and WP6<\/p>\n<\/div><\/div>\n\n\n\n<div class=\"wp-block-media-text alignwide\" style=\"grid-template-columns:11% auto\"><figure class=\"wp-block-media-text__media\"><img loading=\"lazy\" decoding=\"async\" width=\"150\" height=\"150\" src=\"http:\/\/seamobb.osupytheas.fr\/wp-content\/uploads\/2019\/04\/Dorian-Guillemain-Scuba_Diving_Taxonomy_OSUPytheas.jpg\" alt=\"\" class=\"wp-image-257\"\/><\/figure><div class=\"wp-block-media-text__content\">\n<p><strong>Dorian Guillemain <\/strong>(OSU<strong> <\/strong>Pytheas) engineer, scientific diver and expert in marine taxonomy<\/p>\n\n\n\n<p>Participation in WP4 and WP6<\/p>\n<\/div><\/div>\n\n\n\n<div class=\"wp-block-media-text alignwide\" style=\"grid-template-columns:11% auto\"><figure class=\"wp-block-media-text__media\"><img loading=\"lazy\" decoding=\"async\" width=\"150\" height=\"150\" src=\"http:\/\/seamobb.osupytheas.fr\/wp-content\/uploads\/2019\/05\/Jos\u00e9-Miguel-Guti\u00e9rrez-Ortega.jpg\" alt=\"\" class=\"wp-image-483\"\/><\/figure><div class=\"wp-block-media-text__content\">\n<p><strong>Jos\u00e9 Miguel Guti\u00e9rrez Ortega <\/strong>(CEO of TAXON) <\/p>\n\n\n\n<p>\nLeader of WP2, participation on WP1, WP3, &nbsp;WP4, WP5, WP6 and WP7\n\n<\/p>\n<\/div><\/div>\n\n\n\n<div class=\"wp-block-media-text alignwide\" style=\"grid-template-columns:11% auto\"><figure class=\"wp-block-media-text__media\"><img loading=\"lazy\" decoding=\"async\" width=\"150\" height=\"150\" src=\"http:\/\/seamobb.osupytheas.fr\/wp-content\/uploads\/2019\/04\/Mich\u00e8le-Leduc-STARESO.jpg\" alt=\"\" class=\"wp-image-265\"\/><\/figure><div class=\"wp-block-media-text__content\">\n<p><strong>Mich\u00e8le Leduc<\/strong> (STARESO) research and study manager at Stareso, scientific diver, scientific coordinator for SEAMOBB project<\/p>\n\n\n\n<p>Leader of the WP4<\/p>\n<\/div><\/div>\n\n\n\n<div class=\"wp-block-media-text alignwide\" style=\"grid-template-columns:11% auto\"><figure class=\"wp-block-media-text__media\"><img loading=\"lazy\" decoding=\"async\" width=\"150\" height=\"150\" src=\"http:\/\/seamobb.osupytheas.fr\/wp-content\/uploads\/2019\/04\/Terence-Legrand_MIO.jpg\" alt=\"\" class=\"wp-image-459\"\/><\/figure><div class=\"wp-block-media-text__content\">\n<p><strong>T\u00e9rence Legrand <\/strong>(MIO) PhD student (MRT grant) on \u201cDisentangling multi-scale connectivity processes to understand their impacts on population structures and biodiversity in the Mediterranean Sea\u201d<\/p>\n\n\n\n<p>Participation in WP1, WP2, WP4 and WP6<\/p>\n<\/div><\/div>\n\n\n\n<div class=\"wp-block-media-text alignwide\" style=\"grid-template-columns:11% auto\"><figure class=\"wp-block-media-text__media\"><img loading=\"lazy\" decoding=\"async\" width=\"500\" height=\"500\" src=\"http:\/\/seamobb.osupytheas.fr\/wp-content\/uploads\/2019\/07\/Massimiliano-Lippi_Unibo.jpg\" alt=\"\" class=\"wp-image-637\"\/><\/figure><div class=\"wp-block-media-text__content\">\n<p><strong>Massimiliano Lippi<\/strong> (UniBo),  analysis of the sessile fractions for metabarcoding <\/p>\n\n\n\n<p>Participation in WP6<\/p>\n<\/div><\/div>\n\n\n\n<div class=\"wp-block-media-text alignwide\" style=\"grid-template-columns:11% auto\"><figure class=\"wp-block-media-text__media\"><img loading=\"lazy\" decoding=\"async\" width=\"500\" height=\"743\" src=\"http:\/\/seamobb.osupytheas.fr\/wp-content\/uploads\/2019\/04\/Madiop_Lo_MIO.jpg\" alt=\"\" class=\"wp-image-261\"\/><\/figure><div class=\"wp-block-media-text__content\">\n<p><strong>Madiop Lo<\/strong> (MIO) engineer\/developer (recruited by SEAMoBB funds, IE-AMU) in scientific computing<\/p>\n\n\n\n<p>Participation in WP1 and WP2<\/p>\n<\/div><\/div>\n\n\n\n<div class=\"wp-block-media-text alignwide\" style=\"grid-template-columns:11% auto\"><figure class=\"wp-block-media-text__media\"><img loading=\"lazy\" decoding=\"async\" width=\"150\" height=\"150\" src=\"http:\/\/seamobb.osupytheas.fr\/wp-content\/uploads\/2019\/06\/MariaJose_Lopez_TAXON.jpg\" alt=\"\" class=\"wp-image-602\"\/><\/figure><div class=\"wp-block-media-text__content\">\n<p><strong>Mar\u00eda Jos\u00e9 L\u00f3pez Hern\u00e1ndez<\/strong> (TAXON) , GIS and database operator  <\/p>\n\n\n\n<p>Participation in WP2, WP4, WP5 and WP6<\/p>\n<\/div><\/div>\n\n\n\n<div class=\"wp-block-media-text alignwide\" style=\"grid-template-columns:11% auto\"><figure class=\"wp-block-media-text__media\"><img loading=\"lazy\" decoding=\"async\" width=\"150\" height=\"150\" src=\"http:\/\/seamobb.osupytheas.fr\/wp-content\/uploads\/2019\/04\/Christian-Marschal-IMBE.jpg\" alt=\"\" class=\"wp-image-255\"\/><\/figure><div class=\"wp-block-media-text__content\">\n<p><strong>Christian Marschal <\/strong>(IMBE) assistant engineer at CNRS, manager of  scientific diving and underwater techniques<\/p>\n\n\n\n<p>Participation in WP4, WP7 and WP6<\/p>\n<\/div><\/div>\n\n\n\n<div class=\"wp-block-media-text alignwide\" style=\"grid-template-columns:11% auto\"><figure class=\"wp-block-media-text__media\"><img loading=\"lazy\" decoding=\"async\" width=\"150\" height=\"150\" src=\"http:\/\/seamobb.osupytheas.fr\/wp-content\/uploads\/2019\/06\/Ezaquiel_Martinez_TAXON.jpg\" alt=\"\" class=\"wp-image-600\"\/><\/figure><div class=\"wp-block-media-text__content\">\n<p><strong>Ezaquiel Mart\u00ednez Mateo<\/strong> (TAXON) expert in benthic ecology monitoring, scientific diver <\/p>\n\n\n\n<p>Participation in WP4, WP5 and WP6 <\/p>\n<\/div><\/div>\n\n\n\n<div class=\"wp-block-media-text alignwide\" style=\"grid-template-columns:11% auto\"><figure class=\"wp-block-media-text__media\"><img loading=\"lazy\" decoding=\"async\" width=\"150\" height=\"150\" src=\"http:\/\/seamobb.osupytheas.fr\/wp-content\/uploads\/2019\/04\/Emese-Meglecz-IMBE.jpg\" alt=\"\" class=\"wp-image-258\"\/><\/figure><div class=\"wp-block-media-text__content\">\n<p><strong>Emese Meglecz <\/strong>(IMBE) bioinformatics professor<\/p>\n\n\n\n<p>Leader of WP6 and also participation in WP5<\/p>\n<\/div><\/div>\n\n\n\n<div class=\"wp-block-media-text alignwide\" style=\"grid-template-columns:11% auto\"><figure class=\"wp-block-media-text__media\"><img loading=\"lazy\" decoding=\"async\" width=\"150\" height=\"150\" src=\"http:\/\/seamobb.osupytheas.fr\/wp-content\/uploads\/2019\/06\/Pedro_Minano_TAXON.jpg\" alt=\"\" class=\"wp-image-601\"\/><\/figure><div class=\"wp-block-media-text__content\">\n<p><strong>Pedro Mi\u00f1ano Alem\u00e1n<\/strong>,(TAXON) GIS and data base expert <\/p>\n\n\n\n<p>\nParticipation in WP2 and WP5\n\n<\/p>\n<\/div><\/div>\n\n\n\n<div class=\"wp-block-media-text alignwide\" style=\"grid-template-columns:11% auto\"><figure class=\"wp-block-media-text__media\"><img loading=\"lazy\" decoding=\"async\" width=\"512\" height=\"512\" src=\"http:\/\/seamobb.osupytheas.fr\/wp-content\/uploads\/2019\/04\/Pascal-Mirleau-IMBE.jpg\" alt=\"\" class=\"wp-image-266\"\/><\/figure><div class=\"wp-block-media-text__content\">\n<p><strong>Pascal Mirleau <\/strong>(IMBE) assistant professor, scientific diver <\/p>\n\n\n\n<p>Participation in WP3, WP4 and WP5<\/p>\n<\/div><\/div>\n\n\n\n<div class=\"wp-block-media-text alignwide\" style=\"grid-template-columns:11% auto\"><figure class=\"wp-block-media-text__media\"><img loading=\"lazy\" decoding=\"async\" width=\"500\" height=\"500\" src=\"http:\/\/seamobb.osupytheas.fr\/wp-content\/uploads\/2019\/07\/Francesco-Mugnai_UniBo.jpg\" alt=\"\" class=\"wp-image-636\"\/><\/figure><div class=\"wp-block-media-text__content\">\n<p><strong>Francesco Mugnai<\/strong> (UniBo), PhD student<\/p>\n\n\n\n<p>Participation mainly in WP3, WP4, WP5, WP6 and WP7<\/p>\n<\/div><\/div>\n\n\n\n<div class=\"wp-block-media-text alignwide\" style=\"grid-template-columns:11% auto\"><figure class=\"wp-block-media-text__media\"><img loading=\"lazy\" decoding=\"async\" width=\"651\" height=\"651\" src=\"http:\/\/seamobb.osupytheas.fr\/wp-content\/uploads\/2019\/07\/Alberto-Orengo_UniBo.jpg\" alt=\"\" class=\"wp-image-633\"\/><\/figure><div class=\"wp-block-media-text__content\">\n<p><strong>Alberto Orengo<\/strong> (UniBo), ASUs metabarcoding<\/p>\n\n\n\n<p>Participation in WP6<\/p>\n<\/div><\/div>\n\n\n\n<div class=\"wp-block-media-text alignwide\" style=\"grid-template-columns:11% auto\"><figure class=\"wp-block-media-text__media\"><img loading=\"lazy\" decoding=\"async\" width=\"150\" height=\"150\" src=\"http:\/\/seamobb.osupytheas.fr\/wp-content\/uploads\/2019\/04\/Michela-Patrissi-STARESO.jpg\" alt=\"\" class=\"wp-image-264\"\/><\/figure><div class=\"wp-block-media-text__content\">\n<p><strong>Michela Patrissi <\/strong>(STARESO) assistant engineer,  scientific diver and assistant of sampling trips (relative to lab work, after dive)<\/p>\n\n\n\n<p>Participation in WP4<\/p>\n<\/div><\/div>\n\n\n\n<div class=\"wp-block-media-text alignwide\" style=\"grid-template-columns:11% auto\"><figure class=\"wp-block-media-text__media\"><img loading=\"lazy\" decoding=\"async\" width=\"150\" height=\"150\" src=\"http:\/\/seamobb.osupytheas.fr\/wp-content\/uploads\/2019\/06\/photo.jpg\" alt=\"\" class=\"wp-image-617\"\/><\/figure><div class=\"wp-block-media-text__content\">\n<p><strong>Alberto Per\u00e1n Rex<\/strong> (CEO of TAXON) <\/p>\n\n\n\n<p>\nParticipation in WP3, WP4, WP5 and WP6\n\n<\/p>\n<\/div><\/div>\n\n\n\n<div class=\"wp-block-media-text alignwide\" style=\"grid-template-columns:11% auto\"><figure class=\"wp-block-media-text__media\"><img loading=\"lazy\" decoding=\"async\" width=\"150\" height=\"150\" src=\"http:\/\/seamobb.osupytheas.fr\/wp-content\/uploads\/2019\/06\/Raul_Perez_TAXON.jpg\" alt=\"\" class=\"wp-image-595\"\/><\/figure><div class=\"wp-block-media-text__content\">\n<p><strong>Raul P\u00e9rez Abell\u00e1n<\/strong> (TAXON) expert in monitoring, scientific diver <\/p>\n\n\n\n<p>Participation in WP4, WP5 and WP6 <\/p>\n<\/div><\/div>\n\n\n\n<div class=\"wp-block-media-text alignwide\" style=\"grid-template-columns:11% auto\"><figure class=\"wp-block-media-text__media\"><img loading=\"lazy\" decoding=\"async\" width=\"150\" height=\"150\" src=\"http:\/\/seamobb.osupytheas.fr\/wp-content\/uploads\/2019\/04\/Chistelle-Pinazo-MIO.jpg\" alt=\"\" class=\"wp-image-254\"\/><\/figure><div class=\"wp-block-media-text__content\">\n<p><strong>Christel Pinazo <\/strong>(MIO) assistant professor in physical oceanographer, modeler<\/p>\n\n\n\n<p>Participation in WP1 and WP2<\/p>\n<\/div><\/div>\n\n\n\n<div class=\"wp-block-media-text alignwide\" style=\"grid-template-columns:11% auto\"><figure class=\"wp-block-media-text__media\"><img loading=\"lazy\" decoding=\"async\" width=\"150\" height=\"150\" src=\"http:\/\/seamobb.osupytheas.fr\/wp-content\/uploads\/2019\/06\/Desiderio_Andreo_TAXON.jpg\" alt=\"\" class=\"wp-image-599\"\/><\/figure><div class=\"wp-block-media-text__content\">\n<p><strong>Desiderio Andreo Romera<\/strong> (TAXON)&nbsp; expert in taxonomy,&nbsp; benthic ecology, monitoring, scientific diver <\/p>\n\n\n\n<p>Participation in WP4, WP5 and WP6 <\/p>\n<\/div><\/div>\n\n\n\n<div class=\"wp-block-media-text alignwide\" style=\"grid-template-columns:11% auto\"><figure class=\"wp-block-media-text__media\"><img loading=\"lazy\" decoding=\"async\" width=\"150\" height=\"150\" src=\"http:\/\/seamobb.osupytheas.fr\/wp-content\/uploads\/2019\/04\/Vincent-Rossi-MIO.jpg\" alt=\"\" class=\"wp-image-272\"\/><\/figure><div class=\"wp-block-media-text__content\">\n<p><strong>Vincent Rossi<\/strong> (MIO) researcher CNRS in oceanography, modeler<\/p>\n\n\n\n<p>Leader of the WP1<\/p>\n<\/div><\/div>\n\n\n\n<div class=\"wp-block-media-text alignwide\" style=\"grid-template-columns:11% auto\"><figure class=\"wp-block-media-text__media\"><img loading=\"lazy\" decoding=\"async\" width=\"190\" height=\"190\" src=\"http:\/\/seamobb.osupytheas.fr\/wp-content\/uploads\/2019\/04\/Sandrine-Ruitton-MIO.jpg\" alt=\"\" class=\"wp-image-269\"\/><\/figure><div class=\"wp-block-media-text__content\">\n<p><strong>Sandrine Ruitton<\/strong> (MIO) assistant professor in benthic ecology, underwater monitoring, artificial reefs, scientific diver<\/p>\n\n\n\n<p>Co-responsible of WP7, participation in WP4 and WP6<\/p>\n<\/div><\/div>\n\n\n\n<div class=\"wp-block-media-text alignwide\" style=\"grid-template-columns:11% auto\"><figure class=\"wp-block-media-text__media\"><img loading=\"lazy\" decoding=\"async\" width=\"500\" height=\"500\" src=\"http:\/\/seamobb.osupytheas.fr\/wp-content\/uploads\/2019\/07\/Alessandra-Silvestri_UniBo.jpg\" alt=\"\" class=\"wp-image-634\"\/><\/figure><div class=\"wp-block-media-text__content\">\n<p><strong>Alessandra Silvestri <\/strong>(UniBo),  photographic analysis of the community<\/p>\n\n\n\n<p>Participation in WP5<\/p>\n<\/div><\/div>\n\n\n\n<div class=\"wp-block-media-text alignwide\" style=\"grid-template-columns:11% auto\"><figure class=\"wp-block-media-text__media\"><img loading=\"lazy\" decoding=\"async\" width=\"150\" height=\"150\" src=\"http:\/\/seamobb.osupytheas.fr\/wp-content\/uploads\/2019\/06\/Isabel_Sanchez_TAXON.jpg\" alt=\"\" class=\"wp-image-596\"\/><\/figure><div class=\"wp-block-media-text__content\">\n<p><strong>Isabel S\u00e1nchez \u00c1lvarez-Castellanos<\/strong> (TAXON), responsible of the TAXON laboratory<\/p>\n\n\n\n<p>Participation in WP4, WP5 and WP6<\/p>\n<\/div><\/div>\n\n\n\n<div class=\"wp-block-media-text alignwide\" style=\"grid-template-columns:11% auto\"><figure class=\"wp-block-media-text__media\"><img loading=\"lazy\" decoding=\"async\" width=\"150\" height=\"150\" src=\"http:\/\/seamobb.osupytheas.fr\/wp-content\/uploads\/2019\/04\/Majorie-Selva-IMBE.jpg\" alt=\"\" class=\"wp-image-262\"\/><\/figure><div class=\"wp-block-media-text__content\">\n<p><strong>Marjorie Selva<\/strong> (IMBE) technician at CNRS, manager of sampling trips (relative to lab work, after dive)<\/p>\n\n\n\n<p>Participation in WP4<\/p>\n<\/div><\/div>\n\n\n\n<div class=\"wp-block-media-text alignwide\" style=\"grid-template-columns:11% auto\"><figure class=\"wp-block-media-text__media\"><img loading=\"lazy\" decoding=\"async\" width=\"96\" height=\"96\" src=\"http:\/\/seamobb.osupytheas.fr\/wp-content\/uploads\/2019\/06\/Tomas_Senabre.jpeg\" alt=\"\" class=\"wp-image-623\"\/><\/figure><div class=\"wp-block-media-text__content\">\n<p><strong>Tom\u00e1s Senabre Gonz\u00e1lez<\/strong> (TAXON) expert in hydrodynamic modeling, GIS  <\/p>\n\n\n\n<p>Participation in WP1 and WP2 <\/p>\n<\/div><\/div>\n\n\n\n<div class=\"wp-block-media-text alignwide\" style=\"grid-template-columns:11% auto\"><figure class=\"wp-block-media-text__media\"><img loading=\"lazy\" decoding=\"async\" width=\"150\" height=\"150\" src=\"http:\/\/seamobb.osupytheas.fr\/wp-content\/uploads\/2019\/04\/Thierry-Thibaut-MIO.jpg\" alt=\"\" class=\"wp-image-270\"\/><\/figure><div class=\"wp-block-media-text__content\">\n<p><strong>Thierry Thibaut <\/strong>(MIO) assistant professor in marine ecology and phycology,  scientific diver<\/p>\n\n\n\n<p>Participation in WP1, WP4 and WP6<\/p>\n<\/div><\/div>\n\n\n\n<div class=\"wp-block-media-text alignwide\" style=\"grid-template-columns:11% auto\"><figure class=\"wp-block-media-text__media\"><img loading=\"lazy\" decoding=\"async\" width=\"150\" height=\"150\" src=\"http:\/\/seamobb.osupytheas.fr\/wp-content\/uploads\/2019\/04\/Laurent-Vanbostal-_Scuba_Diving_OSUPytheas.jpg\" alt=\"\" class=\"wp-image-260\"\/><\/figure><div class=\"wp-block-media-text__content\">\n<p><strong>Laurent Vanbostal <\/strong>(OSU Pytheas), assistant engineer, scientific diver <\/p>\n\n\n\n<p>Participation in WP4<\/p>\n<\/div><\/div>\n\n\n\n<p><\/p>\n\n\n\n<div class=\"wp-block-media-text alignwide\" style=\"grid-template-columns:29% auto\"><figure class=\"wp-block-media-text__media\"><img loading=\"lazy\" decoding=\"async\" width=\"640\" height=\"111\" src=\"http:\/\/seamobb.osupytheas.fr\/wp-content\/uploads\/2019\/05\/Logo_SIP-OSU_Pytheas.png\" alt=\"\" class=\"wp-image-539\"\/><\/figure><div class=\"wp-block-media-text__content\">\n<p><a rel=\"noreferrer noopener\" aria-label=\"Informatic service OSU Pytheas (s\u2019ouvre dans un nouvel onglet)\" href=\"http:\/\/www.pytheas.univ-amu.fr\/?-Service-Informatique-Pytheas-SIP-\" target=\"_blank\"><strong>Informatic service OSU Pytheas<\/strong><\/a><strong>,<\/strong> assistance for the website in WP7 <\/p>\n<\/div><\/div>\n\n\n\n<p><\/p>\n\n\n\n<p><\/p>\n","protected":false},"excerpt":{"rendered":"<p>Anne Chenuil (IMBE) CNRS researcher in population genetic of marine organisms PI of the SEAMoBB project, leader of the WP3 and WP7 Marco Abbiati (UNIBO) full Professor in marine ecology Participation in WP1, WP2, WP4, WP5 and WP7 Valent\u00edn Aliaga Garc\u00eda (CEO of TAXON) Participation in WP4, WP5 and WP6 [&hellip;]<\/p>\n","protected":false},"author":6,"featured_media":430,"parent":0,"menu_order":0,"comment_status":"closed","ping_status":"closed","template":"","meta":{"footnotes":""},"class_list":["post-137","page","type-page","status-publish","has-post-thumbnail","hentry"],"_links":{"self":[{"href":"https:\/\/seamobb.osupytheas.fr\/index.php?rest_route=\/wp\/v2\/pages\/137","targetHints":{"allow":["GET"]}}],"collection":[{"href":"https:\/\/seamobb.osupytheas.fr\/index.php?rest_route=\/wp\/v2\/pages"}],"about":[{"href":"https:\/\/seamobb.osupytheas.fr\/index.php?rest_route=\/wp\/v2\/types\/page"}],"author":[{"embeddable":true,"href":"https:\/\/seamobb.osupytheas.fr\/index.php?rest_route=\/wp\/v2\/users\/6"}],"replies":[{"embeddable":true,"href":"https:\/\/seamobb.osupytheas.fr\/index.php?rest_route=%2Fwp%2Fv2%2Fcomments&post=137"}],"version-history":[{"count":54,"href":"https:\/\/seamobb.osupytheas.fr\/index.php?rest_route=\/wp\/v2\/pages\/137\/revisions"}],"predecessor-version":[{"id":697,"href":"https:\/\/seamobb.osupytheas.fr\/index.php?rest_route=\/wp\/v2\/pages\/137\/revisions\/697"}],"wp:featuredmedia":[{"embeddable":true,"href":"https:\/\/seamobb.osupytheas.fr\/index.php?rest_route=\/wp\/v2\/media\/430"}],"wp:attachment":[{"href":"https:\/\/seamobb.osupytheas.fr\/index.php?rest_route=%2Fwp%2Fv2%2Fmedia&parent=137"}],"curies":[{"name":"wp","href":"https:\/\/api.w.org\/{rel}","templated":true}]}}