{"id":305,"date":"2019-04-19T22:42:13","date_gmt":"2019-04-19T20:42:13","guid":{"rendered":"http:\/\/seamobb.osupytheas.fr\/?page_id=305"},"modified":"2023-03-27T18:31:11","modified_gmt":"2023-03-27T16:31:11","slug":"press","status":"publish","type":"page","link":"https:\/\/seamobb.osupytheas.fr\/?page_id=305","title":{"rendered":"Press and media"},"content":{"rendered":"\n<div class=\"wp-block-media-text has-media-on-the-right is-stacked-on-mobile is-vertically-aligned-center\" style=\"grid-template-columns:auto 42%\"><div class=\"wp-block-media-text__content\">\n<p><\/p>\n\n\n\n<p><\/p>\n\n\n\n<p><\/p>\n\n\n\n<p><\/p>\n\n\n\n<p><\/p>\n\n\n\n<p><\/p>\n\n\n\n<figure class=\"wp-block-image size-large is-resized\"><img loading=\"lazy\" decoding=\"async\" src=\"https:\/\/seamobb.osupytheas.fr\/wp-content\/uploads\/2023\/03\/DIRCOM-Logo_AMU_CMJN-1-1024x351.webp\" alt=\"\" class=\"wp-image-728\" width=\"256\" height=\"88\" srcset=\"https:\/\/seamobb.osupytheas.fr\/wp-content\/uploads\/2023\/03\/DIRCOM-Logo_AMU_CMJN-1-1024x351.webp 1024w, https:\/\/seamobb.osupytheas.fr\/wp-content\/uploads\/2023\/03\/DIRCOM-Logo_AMU_CMJN-1-300x103.webp 300w, https:\/\/seamobb.osupytheas.fr\/wp-content\/uploads\/2023\/03\/DIRCOM-Logo_AMU_CMJN-1-768x263.webp 768w, https:\/\/seamobb.osupytheas.fr\/wp-content\/uploads\/2023\/03\/DIRCOM-Logo_AMU_CMJN-1-1536x526.webp 1536w, https:\/\/seamobb.osupytheas.fr\/wp-content\/uploads\/2023\/03\/DIRCOM-Logo_AMU_CMJN-1-2048x702.webp 2048w\" sizes=\"auto, (max-width: 256px) 100vw, 256px\" \/><figcaption class=\"wp-element-caption\"><br><br><br><br><a rel=\"noreferrer noopener\" href=\"https:\/\/indd.adobe.com\/view\/adf67a58-678d-4194-89e0-9780e11b42b3\" data-type=\"URL\" data-id=\"https:\/\/indd.adobe.com\/view\/adf67a58-678d-4194-89e0-9780e11b42b3\" target=\"_blank\">Lettre AMU n\u00b0 100<\/a><br>D\u00e9cembre 2022, p. 53.<\/figcaption><\/figure>\n<\/div><figure class=\"wp-block-media-text__media\"><img loading=\"lazy\" decoding=\"async\" width=\"311\" height=\"825\" src=\"https:\/\/seamobb.osupytheas.fr\/wp-content\/uploads\/2023\/03\/ArtLettreAMUDec2022.png\" alt=\"\" class=\"wp-image-725 size-full\" srcset=\"https:\/\/seamobb.osupytheas.fr\/wp-content\/uploads\/2023\/03\/ArtLettreAMUDec2022.png 311w, https:\/\/seamobb.osupytheas.fr\/wp-content\/uploads\/2023\/03\/ArtLettreAMUDec2022-113x300.png 113w\" sizes=\"auto, (max-width: 311px) 100vw, 311px\" \/><\/figure><\/div>\n\n\n\n<p><\/p>\n\n\n\n<figure class=\"wp-block-image size-large\"><img loading=\"lazy\" decoding=\"async\" width=\"737\" height=\"1024\" src=\"https:\/\/seamobb.osupytheas.fr\/wp-content\/uploads\/2023\/03\/LM-BdR-Var-Vaucluse-26_11_2022-24-1-1-737x1024.png\" alt=\"\" class=\"wp-image-733\" srcset=\"https:\/\/seamobb.osupytheas.fr\/wp-content\/uploads\/2023\/03\/LM-BdR-Var-Vaucluse-26_11_2022-24-1-1-737x1024.png 737w, https:\/\/seamobb.osupytheas.fr\/wp-content\/uploads\/2023\/03\/LM-BdR-Var-Vaucluse-26_11_2022-24-1-1-216x300.png 216w, https:\/\/seamobb.osupytheas.fr\/wp-content\/uploads\/2023\/03\/LM-BdR-Var-Vaucluse-26_11_2022-24-1-1-768x1067.png 768w, https:\/\/seamobb.osupytheas.fr\/wp-content\/uploads\/2023\/03\/LM-BdR-Var-Vaucluse-26_11_2022-24-1-1-1106x1536.png 1106w, https:\/\/seamobb.osupytheas.fr\/wp-content\/uploads\/2023\/03\/LM-BdR-Var-Vaucluse-26_11_2022-24-1-1-1475x2048.png 1475w\" sizes=\"auto, (max-width: 737px) 100vw, 737px\" \/><\/figure>\n\n\n\n<p><\/p>\n\n\n\n<div class=\"wp-block-group\"><div class=\"wp-block-group__inner-container is-layout-constrained wp-block-group-is-layout-constrained\">\n<div class=\"wp-block-media-text alignwide is-stacked-on-mobile\" style=\"grid-template-columns:28% auto\"><figure class=\"wp-block-media-text__media\"><img loading=\"lazy\" decoding=\"async\" width=\"290\" height=\"290\" src=\"https:\/\/seamobb.osupytheas.fr\/wp-content\/uploads\/2023\/03\/cnrs_20170126_0088_MD-1.jpg\" alt=\"\" class=\"wp-image-721 size-full\" srcset=\"https:\/\/seamobb.osupytheas.fr\/wp-content\/uploads\/2023\/03\/cnrs_20170126_0088_MD-1.jpg 290w, https:\/\/seamobb.osupytheas.fr\/wp-content\/uploads\/2023\/03\/cnrs_20170126_0088_MD-1-150x150.jpg 150w\" sizes=\"auto, (max-width: 290px) 100vw, 290px\" \/><\/figure><div class=\"wp-block-media-text__content\">\n<figure class=\"wp-block-image size-large is-resized\"><img loading=\"lazy\" decoding=\"async\" src=\"http:\/\/seamobb.osupytheas.fr\/wp-content\/uploads\/2023\/03\/Logo-CNRS-RVB-1-1024x1024.png\" alt=\"\" class=\"wp-image-719\" width=\"150\" height=\"150\" srcset=\"https:\/\/seamobb.osupytheas.fr\/wp-content\/uploads\/2023\/03\/Logo-CNRS-RVB-1-1024x1024.png 1024w, https:\/\/seamobb.osupytheas.fr\/wp-content\/uploads\/2023\/03\/Logo-CNRS-RVB-1-300x300.png 300w, https:\/\/seamobb.osupytheas.fr\/wp-content\/uploads\/2023\/03\/Logo-CNRS-RVB-1-150x150.png 150w, https:\/\/seamobb.osupytheas.fr\/wp-content\/uploads\/2023\/03\/Logo-CNRS-RVB-1-768x768.png 768w, https:\/\/seamobb.osupytheas.fr\/wp-content\/uploads\/2023\/03\/Logo-CNRS-RVB-1.png 1181w\" sizes=\"auto, (max-width: 150px) 100vw, 150px\" \/><\/figure>\n\n\n\n<p><\/p>\n\n\n\n<p><\/p>\n\n\n\n<p><\/p>\n\n\n\n<p><\/p>\n\n\n\n<p><a rel=\"noreferrer noopener\" href=\"https:\/\/www.insu.cnrs.fr\/fr\/cnrsinfo\/la-circulation-oceanique-permet-de-reconstruire-larbre-genealogique-des-populations\" target=\"_blank\">La circulation oc\u00e9anique permet de reconstruire l\u2019arbre g\u00e9n\u00e9alogique des populations marines<\/a>, <a rel=\"noreferrer noopener\" href=\"https:\/\/www.insu.cnrs.fr\/fr\/news-list\" target=\"_blank\">Actualit\u00e9s INSU CNRS<\/a>, 15 novembre 2022.<\/p>\n<\/div><\/div>\n<\/div><\/div>\n\n\n\n<p><\/p>\n\n\n\n<p><\/p>\n\n\n\n<div class=\"wp-block-media-text alignwide has-media-on-the-right is-stacked-on-mobile\" style=\"grid-template-columns:auto 47%\"><div class=\"wp-block-media-text__content\">\n<figure class=\"wp-block-image is-resized\"><a href=\"https:\/\/www.ravennawebtv.it\/biodiversita-a-ravenna-un-network-internazionale-per-studiare-i-cambiamenti-nel-mediterraneo\/\" target=\"_blank\" rel=\"noreferrer noopener\"><img loading=\"lazy\" decoding=\"async\" src=\"http:\/\/seamobb.osupytheas.fr\/wp-content\/uploads\/2019\/05\/rwtv.jpg\" alt=\"L\u2019attribut alt de cette image est vide, son nom de fichier est rwtv.jpg.\" width=\"196\" height=\"29\"\/><\/a><\/figure>\n\n\n\n<p><\/p>\n\n\n\n<p><a rel=\"noreferrer noopener\" aria-label=\" (s\u2019ouvre dans un nouvel onglet)\" href=\"https:\/\/www.ravennawebtv.it\/biodiversita-a-ravenna-un-network-internazionale-per-studiare-i-cambiamenti-nel-mediterraneo\/\" target=\"_blank\">UNIBO: Biodiversit\u00e0: a Ravenna un network internazionale per studiare i cambiamenti nel Mediterraneo&nbsp;<\/a><\/p>\n<\/div><figure class=\"wp-block-media-text__media\"><img loading=\"lazy\" decoding=\"async\" width=\"2180\" height=\"1242\" src=\"http:\/\/seamobb.osupytheas.fr\/wp-content\/uploads\/2019\/05\/Capture-d\u2019\u00e9cran-2019-05-13-\u00e0-19.45.02.png\" alt=\"\" class=\"wp-image-515 size-full\"\/><\/figure><\/div>\n\n\n\n<p><\/p>\n\n\n\n<figure class=\"wp-block-image\"><img loading=\"lazy\" decoding=\"async\" width=\"850\" height=\"1082\" src=\"http:\/\/seamobb.osupytheas.fr\/wp-content\/uploads\/2019\/04\/corse-matin-020818.jpg\" alt=\"\" class=\"wp-image-439\"\/><\/figure>\n\n\n\n<p><br><\/p>\n","protected":false},"excerpt":{"rendered":"<p>La circulation oc\u00e9anique permet de reconstruire l\u2019arbre g\u00e9n\u00e9alogique des populations marines, Actualit\u00e9s INSU CNRS, 15 novembre 2022.<\/p>\n","protected":false},"author":12,"featured_media":431,"parent":0,"menu_order":0,"comment_status":"closed","ping_status":"closed","template":"","meta":{"footnotes":""},"class_list":["post-305","page","type-page","status-publish","has-post-thumbnail","hentry"],"_links":{"self":[{"href":"https:\/\/seamobb.osupytheas.fr\/index.php?rest_route=\/wp\/v2\/pages\/305","targetHints":{"allow":["GET"]}}],"collection":[{"href":"https:\/\/seamobb.osupytheas.fr\/index.php?rest_route=\/wp\/v2\/pages"}],"about":[{"href":"https:\/\/seamobb.osupytheas.fr\/index.php?rest_route=\/wp\/v2\/types\/page"}],"author":[{"embeddable":true,"href":"https:\/\/seamobb.osupytheas.fr\/index.php?rest_route=\/wp\/v2\/users\/12"}],"replies":[{"embeddable":true,"href":"https:\/\/seamobb.osupytheas.fr\/index.php?rest_route=%2Fwp%2Fv2%2Fcomments&post=305"}],"version-history":[{"count":16,"href":"https:\/\/seamobb.osupytheas.fr\/index.php?rest_route=\/wp\/v2\/pages\/305\/revisions"}],"predecessor-version":[{"id":736,"href":"https:\/\/seamobb.osupytheas.fr\/index.php?rest_route=\/wp\/v2\/pages\/305\/revisions\/736"}],"wp:featuredmedia":[{"embeddable":true,"href":"https:\/\/seamobb.osupytheas.fr\/index.php?rest_route=\/wp\/v2\/media\/431"}],"wp:attachment":[{"href":"https:\/\/seamobb.osupytheas.fr\/index.php?rest_route=%2Fwp%2Fv2%2Fmedia&parent=305"}],"curies":[{"name":"wp","href":"https:\/\/api.w.org\/{rel}","templated":true}]}}