{"id":488,"date":"2019-05-13T17:55:42","date_gmt":"2019-05-13T15:55:42","guid":{"rendered":"http:\/\/seamobb.osupytheas.fr\/?page_id=488"},"modified":"2019-05-15T21:32:58","modified_gmt":"2019-05-15T19:32:58","slug":"related-papers-of-the-team","status":"publish","type":"page","link":"https:\/\/seamobb.osupytheas.fr\/?page_id=488","title":{"rendered":"Related results of the team"},"content":{"rendered":"\n<p>&#8211; <strong>ORAL<\/strong> presented at the Kick-Off meeting\nof SEAMoBB (held in Marseille, France on 25-27\/06\/2018) entitled \u201cStudying\nconnectivity and the structure of marine populations with Lagrangian Flow\nNetworks\u201d by V. Rossi and collaborators. <\/p>\n\n\n\n<p>&#8211; <strong>POSTER<\/strong> presented at the iMarCo annual\nmeeting (held in Heraklion, Greece on 8-10\/10\/2018) entitled \u201cIntegrating\nLagrangian modelling with otolith analyses to investigate larval dispersal and\nfish natal origins\u201d by T. Legrand and collaborators. <\/p>\n\n\n\n<p>&#8211; <strong>ORAL<\/strong> presented at the Kick-Off meeting\nof SEAMoBB (held in Marseille, France on 25-27\/06\/2018) entitled \u201cImproving\nmetabarcoding database for monitoring mediterranenan marine biodiversity\u201d by F.\nCostantini and M. Abbiati.<\/p>\n\n\n\n<p>&#8211; <strong>ORAL<\/strong> presented at Census of Marine Mediterranean\nBenthic biodiversity: an integrative metabarcoding approach (CoMBoMed), 11- 14\nFebruary 2019 \u201cMediterranean Marine benthic taxonomy and barcoding databases:\nwho wins?\u201d by F. Costantini, E. Meglecz, A. Chenuil.<\/p>\n\n\n\n<p><strong>PAPERS:<\/strong><\/p>\n\n\n\n<p>David R., Uyarra M., Carvalho S., Anlauf H., Borja A., Cahill A.E., Carugati L., Danovaro R., De Jode A., F\u00e9ral J.P., Guillemain D., Lo Martire M., Thierry de Ville d\u2019Avray L., Pearman J.K., Chenuil A., 2019. Lessons from photo-analyses of Autonomous Reef Monitoring Structures as tools to detect (bio)geographical, spatial, and environmental effects. <em>Marine Pollution Bulletin<\/em> 141: 420-429, <a rel=\"noreferrer noopener\" href=\"https:\/\/doi.org\/10.1016\/j.marpolbul.2019.02.066\" target=\"_blank\">https:\/\/doi.org\/10.1016\/j.marpolbul.2019.02.066<\/a><\/p>\n\n\n\n<p>Hidalgo M.,\nRossi V. and collaborators, 2019. Accounting for ocean connectivity and\nhydroclimate in fish recruitment fluctuations within transboundary\nmetapopulations. <em>Ecological Applications<\/em>,\nin press, doi: 10.1002\/eap.1913<\/p>\n\n\n\n<p>Cahill A.E.,\nPearman J.K., Borja A, &#8230;Chenuil A., 2018. A comparative analysis of\nmetabarcoding and morphology-based identification of benthic communities across\ndifferent regional seas. <em>Ecology and\nEvolution<\/em> 8(17): 8908-8920. <a href=\"https:\/\/doi.org\/10.1002\/ece3.4283\" target=\"_blank\" rel=\"noreferrer noopener\">https:\/\/doi.org\/10.1002\/ece3.4283<\/a><\/p>\n\n\n\n<p>Costantini F.,\nFerrario F., Abbiati M., 2018. Chasing genetic structure in coralligenous reef\ninvertebrates: patterns, criticalities and conservation issues. <em>Scientific Reports<\/em> 8 (1): 5844, https:\/\/doi.org\/10.1038\/s41598-018-24247-9<\/p>\n\n\n\n<p>Villamor A., Costantini F., Abbiati M., 2018. Multilocus phylogeography of <em>Patella caerulea<\/em> (Linnaeus, 1758)\nreveals contrasting connectivity patterns across the Eastern\u2013Western\nMediterranean transition. <em>Journal of\nBiogeography<\/em> 45: 1301-1312, https:\/\/doi.org\/10.1111\/jbi.13232<\/p>\n\n\n\n<p>Cahill A.E.,\nDe Jode A., Dubois S., Bouzaza Z., Aurelle A., Boissin E., Chabrol O., David R.,\nEgea E., Ledoux J.B., M\u00e9rigot B., Weber A.A.T., Chenuil A., 2017. A\nmultispecies approach reveals hot-spots and cold-spots of diversity and\nconnectivity in species with contrasting dispersal modes. <em>Molecular Ecology<\/em> 26: 6563-6577, <a href=\"https:\/\/doi.org\/10.1111\/mec.14389\">https:\/\/doi.org\/10.1111\/mec.14389<\/a>.<\/p>\n\n\n\n<p>Monroy P., Rossi\nV., Ser-Giacomi E., L\u00f3pez C., Hern\u00e1ndez-Garc\u00eda E., 2017. Sensitivity and\nrobustness of larval connectivity diagnostics obtained from Lagrangian Flow\nNetworks. <em>ICES Journal of Marine\nScience<\/em> 74 (6): 1763-1779, <a href=\"http:\/\/dx.doi.org\/10.1093\/icesjms\/fsw235\">doi:10.1093\/icesjms\/fsw235<\/a><\/p>\n\n\n\n<p>ThibautT., BlanfuneA., BoudouresqueC.F., PersonnicS., RuittonS., BallesterosE., Bellan-SantiniD., BianchiC.N., BussottiS., CebrianE., ChemineeA., CulioliJ.M., DerrienS., GuidettiP., Harmelin-VivienM., HereuB., MorriC., PoggialeJ.C., VerlaqueM., 2017. An ecosystem-based approach to assess the status of mediterranean shallow algae-dominated rocky reefs. <em>Marine Pollution Bulletin.<\/em> S0025-326X(17)30041-3, doi: 10.1016\/j.marpolbul.2017.01.029<\/p>\n\n\n\n<p>Dubois M., Rossi V., Ser-Giacomi E., Arnaud-Haond S., L\u00f3pez\nC., Hern\u00e1ndez-Garc\u00eda E., 2016. Linking\nbasin-scale connectivity, oceanography and population dynamics for the\nconservation and management of marine ecosystems. <em>Global Ecology and Biogeography<\/em> 25: 503\u2013515, <a href=\"http:\/\/dx.doi.org\/10.1111\/geb.12431\">doi:10.1111\/geb.12431<\/a> <\/p>\n\n\n\n<p>Campuzano F.J., Guti\u00e9rrez J.M.,\nSenabre T., Mateus M.D., Per\u00e1n A., Belmonte A., Aliaga V., Neves R., 2015. A\nmodelling approach to estimate the environmental and productive carrying\ncapacity for a Mediterranean coastal marine culture park. <em>Aquac. Res. Development<\/em> 6: 373. doi:10.4172\/2155-9546.1000373<\/p>\n\n\n\n<p>Guti\u00e9rrez J.M., Campuzano F.J.,\nPer\u00e1n A., Senabre T., Mateus M., Belmonte A., Aliaga V., Neves R., 2015.\nMultiscale approach for Numerical modeling of aquaculture. <em>Instrumentation viewpoint<\/em> 18: 21<\/p>\n\n\n\n<p>Per\u00e1n A., Senabre T., Mi\u00f1ano P.A., Belmonte A., Aliaga V., Guti\u00e9rrez J.M.,\n2015. SIMOC, a versatile tool for continuous\nmonitoring of water quality. <em>Instrumentation\nviewpoint<\/em> 18: 22<\/p>\n\n\n\n<p>\n\n\n\n\n\n\n\n\n\n\n\n\n\n\n\n\n\nPersonnic S., Boudouresque C.F., Astruch P., Ballesteros E., Bellan-Santini\nD., Bonhomme P., Feunteun E., Harmelin-Vivien M., Pergent G., Pergent-Martini C.,\nPastor J., Poggiale J.C., Renaud F., Thibaut T., Ruitton S., 2014. An ecosystem-based approach to evaluate the\nstatus of a Mediterranean ecosystem, the <em>Posidonia\noceanica<\/em> seagrass meadow. <em>Plos ONE.<\/em>\n9(6): e98994\n\n\n\n<\/p>\n\n\n\n<p>Rossi, V., Ser-Giacomi E., Lopez C., Hernandez-Garcia E.,\n2014. Hydrodynamic provinces\nand oceanic connectivity from a transport network help designing marine\nreserves. <em>Geophysical Research Letters<\/em>\n41 (8): 2883\u20132891, <a href=\"http:\/\/onlinelibrary.wiley.com\/doi\/10.1002\/2014GL059540\/abstract\">doi:10.1002\/2014GL059540<\/a><\/p>\n","protected":false},"excerpt":{"rendered":"<p>&#8211; ORAL presented at the Kick-Off meeting of SEAMoBB (held in Marseille, France on 25-27\/06\/2018) entitled \u201cStudying connectivity and the structure of marine populations with Lagrangian Flow Networks\u201d by V. Rossi and collaborators. &#8211; POSTER presented at the iMarCo annual meeting (held in Heraklion, Greece on 8-10\/10\/2018) entitled \u201cIntegrating Lagrangian [&hellip;]<\/p>\n","protected":false},"author":6,"featured_media":338,"parent":0,"menu_order":0,"comment_status":"closed","ping_status":"closed","template":"","meta":{"footnotes":""},"class_list":["post-488","page","type-page","status-publish","has-post-thumbnail","hentry"],"_links":{"self":[{"href":"https:\/\/seamobb.osupytheas.fr\/index.php?rest_route=\/wp\/v2\/pages\/488","targetHints":{"allow":["GET"]}}],"collection":[{"href":"https:\/\/seamobb.osupytheas.fr\/index.php?rest_route=\/wp\/v2\/pages"}],"about":[{"href":"https:\/\/seamobb.osupytheas.fr\/index.php?rest_route=\/wp\/v2\/types\/page"}],"author":[{"embeddable":true,"href":"https:\/\/seamobb.osupytheas.fr\/index.php?rest_route=\/wp\/v2\/users\/6"}],"replies":[{"embeddable":true,"href":"https:\/\/seamobb.osupytheas.fr\/index.php?rest_route=%2Fwp%2Fv2%2Fcomments&post=488"}],"version-history":[{"count":4,"href":"https:\/\/seamobb.osupytheas.fr\/index.php?rest_route=\/wp\/v2\/pages\/488\/revisions"}],"predecessor-version":[{"id":527,"href":"https:\/\/seamobb.osupytheas.fr\/index.php?rest_route=\/wp\/v2\/pages\/488\/revisions\/527"}],"wp:featuredmedia":[{"embeddable":true,"href":"https:\/\/seamobb.osupytheas.fr\/index.php?rest_route=\/wp\/v2\/media\/338"}],"wp:attachment":[{"href":"https:\/\/seamobb.osupytheas.fr\/index.php?rest_route=%2Fwp%2Fv2%2Fmedia&parent=488"}],"curies":[{"name":"wp","href":"https:\/\/api.w.org\/{rel}","templated":true}]}}