{"id":491,"date":"2019-05-13T17:59:03","date_gmt":"2019-05-13T15:59:03","guid":{"rendered":"http:\/\/seamobb.osupytheas.fr\/?page_id=491"},"modified":"2020-12-07T16:36:18","modified_gmt":"2020-12-07T15:36:18","slug":"poster-lecturer-symposium","status":"publish","type":"page","link":"https:\/\/seamobb.osupytheas.fr\/?page_id=491","title":{"rendered":"Poster, Lecturer, Symposium"},"content":{"rendered":"\n<p> <strong>Posters and Oral communications presented at international\/national workshops &amp; conferences  <\/strong><\/p>\n\n\n\n<ul class=\"wp-block-list\"><li><strong><a rel=\"noreferrer noopener\" aria-label=\"POSTER by A. Chenuil, E. Coch, V. Dubut, F. Marchal, E. Meglecz, P. Mirleau, 2019. Mise au point d'un protocole de m\u00e9tabarcoding (COI) pour les communaut\u00e9s marines benthiques : comparaison de 2 kits d'extraction et 2 TAQS. 39e r\u00e9union annuelle du groupe d'\u00e9tude de biologie et g\u00e9n\u00e9tique des populations (Petit pois d\u00e9rid\u00e9), Gif-sur-Yvette, France. (s\u2019ouvre dans un nouvel onglet)\" href=\"http:\/\/seamobb.osupytheas.fr\/wp-content\/uploads\/2019\/05\/Poster_PPD_RUnTest.pdf\" target=\"_blank\">POSTER<\/a><\/strong><a rel=\"noreferrer noopener\" aria-label=\"POSTER by A. Chenuil, E. Coch, V. Dubut, F. Marchal, E. Meglecz, P. Mirleau, 2019. Mise au point d'un protocole de m\u00e9tabarcoding (COI) pour les communaut\u00e9s marines benthiques : comparaison de 2 kits d'extraction et 2 TAQS. 39e r\u00e9union annuelle du groupe d'\u00e9tude de biologie et g\u00e9n\u00e9tique des populations (Petit pois d\u00e9rid\u00e9), Gif-sur-Yvette, France. (s\u2019ouvre dans un nouvel onglet)\" href=\"http:\/\/seamobb.osupytheas.fr\/wp-content\/uploads\/2019\/05\/Poster_PPD_RUnTest.pdf\" target=\"_blank\"> by A. Chenuil, E. Coch, V. Dubut, F. Marchal, E. Meglecz, P. Mirleau, 2019. Mise au point d&#8217;un protocole de m\u00e9tabarcoding (COI) pour les communaut\u00e9s marines benthiques : comparaison de 2 kits d&#8217;extraction et 2 TAQS. 39e r\u00e9union annuelle du groupe d&#8217;\u00e9tude de biologie et g\u00e9n\u00e9tique des populations (Petit pois d\u00e9rid\u00e9), Gif-sur-Yvette, France.<\/a><\/li><li><a rel=\"noreferrer noopener\" href=\"http:\/\/seamobb.osupytheas.fr\/wp-content\/uploads\/2020\/12\/Poster_CIESM_seamobb.pdf\" target=\"_blank\"><strong>POSTER<\/strong> by A. Chenuil and the SEAMoBB consortium (M. Abbiati, E. Bouchereau, V. Calvert, S. Chenesseau, F. Costantini, A. Crampon, D. Guillemain, J.-M. Guti\u00e9rrez, M. Leduc, T. Legrand, A. Haguenauer, C. Marschal, P. Mirleau, L. Plaisance, V. Rossi, S. Ruitton, M. Selva, T. Thibaut, L. Vanbostal, F. Zuberer) entitled \u201cSeamobb (Solutions for semi-automatic monitoring of benthic biodiversity): photo-analysis of hierarchical sampling of arms communities from Spain to Croatia&#8221; to be presented at the 42<sup>nd<\/sup> CIESM congress, Cascais, Portugal, 7-11 october 2019<\/a>, and <a rel=\"noreferrer noopener\" href=\"http:\/\/seamobb.osupytheas.fr\/wp-content\/uploads\/2020\/12\/Presentation_CIESM-5slides_CHENUIL_SEAMOBB.pdf\" target=\"_blank\">the <strong>ORAL presentation<\/strong> is available here<\/a>. <\/li><li><a rel=\"noreferrer noopener\" href=\"http:\/\/seamobb.osupytheas.fr\/wp-content\/uploads\/2020\/12\/Presentation_ED_Legrand_Terence.pdf\" target=\"_blank\"><strong>ORAL<\/strong> by T. Legrand, A. Chenuil and V. Rossi entititled &#8220;R\u00f4le de la dispersion larvaire sur la structure des populations et les sch\u00e9mas de biodiversit\u00e9&#8221;, presented at the 26<sup>i\u00e8me<\/sup> Congr\u00e8s des Doctorants de l &#8216;ED251, 29 avril 2019. <\/a><\/li><\/ul>\n\n\n\n<ul class=\"wp-block-list\"><li><a rel=\"noreferrer noopener\" href=\"http:\/\/seamobb.osupytheas.fr\/wp-content\/uploads\/2020\/12\/MARTERA_Newsletter_seamobb.pdf\" target=\"_blank\"><strong>MARTERA Newsletter<\/strong>. Article on SAEMoBB program<\/a> : Innovative methodsof characterizing benthic community composition for biodiversity monitoring<\/li><\/ul>\n\n\n\n<p><\/p>\n","protected":false},"excerpt":{"rendered":"<p>Posters and Oral communications presented at international\/national workshops &amp; conferences POSTER by A. Chenuil, E. Coch, V. Dubut, F. Marchal, E. Meglecz, P. Mirleau, 2019. Mise au point d&#8217;un protocole de m\u00e9tabarcoding (COI) pour les communaut\u00e9s marines benthiques : comparaison de 2 kits d&#8217;extraction et 2 TAQS. 39e r\u00e9union annuelle [&hellip;]<\/p>\n","protected":false},"author":6,"featured_media":379,"parent":0,"menu_order":0,"comment_status":"closed","ping_status":"closed","template":"","meta":{"footnotes":""},"class_list":["post-491","page","type-page","status-publish","has-post-thumbnail","hentry"],"_links":{"self":[{"href":"https:\/\/seamobb.osupytheas.fr\/index.php?rest_route=\/wp\/v2\/pages\/491","targetHints":{"allow":["GET"]}}],"collection":[{"href":"https:\/\/seamobb.osupytheas.fr\/index.php?rest_route=\/wp\/v2\/pages"}],"about":[{"href":"https:\/\/seamobb.osupytheas.fr\/index.php?rest_route=\/wp\/v2\/types\/page"}],"author":[{"embeddable":true,"href":"https:\/\/seamobb.osupytheas.fr\/index.php?rest_route=\/wp\/v2\/users\/6"}],"replies":[{"embeddable":true,"href":"https:\/\/seamobb.osupytheas.fr\/index.php?rest_route=%2Fwp%2Fv2%2Fcomments&post=491"}],"version-history":[{"count":17,"href":"https:\/\/seamobb.osupytheas.fr\/index.php?rest_route=\/wp\/v2\/pages\/491\/revisions"}],"predecessor-version":[{"id":693,"href":"https:\/\/seamobb.osupytheas.fr\/index.php?rest_route=\/wp\/v2\/pages\/491\/revisions\/693"}],"wp:featuredmedia":[{"embeddable":true,"href":"https:\/\/seamobb.osupytheas.fr\/index.php?rest_route=\/wp\/v2\/media\/379"}],"wp:attachment":[{"href":"https:\/\/seamobb.osupytheas.fr\/index.php?rest_route=%2Fwp%2Fv2%2Fmedia&parent=491"}],"curies":[{"name":"wp","href":"https:\/\/api.w.org\/{rel}","templated":true}]}}